{"id":16,"date":"2025-12-08T15:27:59","date_gmt":"2025-12-08T15:27:59","guid":{"rendered":"http:\/\/zva.ovh\/?page_id=16"},"modified":"2025-12-08T15:28:28","modified_gmt":"2025-12-08T15:28:28","slug":"o-mnie","status":"publish","type":"page","link":"https:\/\/zva.ovh\/?page_id=16","title":{"rendered":"O mnie"},"content":{"rendered":"\n<p>Nazywam si\u0119&nbsp;<strong>Adrian Rowicki<\/strong>&nbsp;\u2013 niekt\u00f3rzy m\u00f3wi\u0105 o mnie \u201eosi\u0142ek\u201d, ja wol\u0119 okre\u015blenie&nbsp;<strong>\u201eosi\u0142ek pracu\u015b\u201d<\/strong>. Od wielu lat zajmuj\u0119 si\u0119&nbsp;<strong>dzia\u0142alno\u015bci\u0105 informacyjn\u0105<\/strong>&nbsp;\u2013 zbieram fakty, analizuj\u0119 je i przekazuj\u0119 dalej w spos\u00f3b rzetelny i przyst\u0119pny.<\/p>\n\n\n\n<p>Moja przygoda z informacj\u0105 zacz\u0119\u0142a si\u0119 dawno temu, od fascynacji historiami, kt\u00f3re zawsze ko\u0144czy\u0142y si\u0119 s\u0142owami:&nbsp;<em>\u201e\u2026i \u017cyli d\u0142ugo i szcz\u0119\u015bliwie.\u201d<\/em>&nbsp;Z czasem odkry\u0142em, \u017ce prawdziwe \u017cycie rzadko bywa tak proste \u2013 dlatego postanowi\u0142em docieka\u0107 prawdy i przekazywa\u0107 j\u0105 w spos\u00f3b mo\u017cliwie obiektywny.<\/p>\n\n\n\n<p>Na stronie odpowiadam za&nbsp;<strong>sprawdzone i rzeczowe tre\u015bci<\/strong>&nbsp;\u2013 cz\u0119sto dotycz\u0105ce temat\u00f3w, kt\u00f3re dla wi\u0119kszo\u015bci wydaj\u0105 si\u0119 nieistotne lub zbyt ma\u0142o znane. Dla mnie jednak to w\u0142a\u015bnie te drobiazgi buduj\u0105 pe\u0142niejszy obraz rzeczywisto\u015bci.<\/p>\n\n\n\n<p>Z wykszta\u0142cenia jestem&nbsp;<strong>z\u0142ot\u0105 r\u0105czk\u0105 do zada\u0144 specjalnych<\/strong>, a zawodowo \u2013 cz\u0142owiekiem, kt\u00f3ry potrafi dopasowa\u0107 si\u0119 do ka\u017cdej sytuacji. Moje do\u015bwiadczenie w zbieraniu informacji opiera si\u0119 wy\u0142\u0105cznie na prawdzie \u2013&nbsp;<strong>nie handluj\u0119 informacjami<\/strong>, nie tworz\u0119 sensacji. Po prostu&nbsp;<strong>wyci\u0105gam k\u0142amstwa na \u015bwiat\u0142o dzienne<\/strong>&nbsp;i pokazuj\u0119 fakty takimi, jakimi s\u0105.<\/p>\n\n\n\n<p>Prywatnie interesuj\u0119 si\u0119 wieloma dziedzinami \u2013 od ludzi po technik\u0119, od codzienno\u015bci po sprawy wi\u0119kszego kalibru. Wierz\u0119, \u017ce nawet bez rozg\u0142osu i wynagrodzenia, moja praca ma znaczenie. Bo w \u015bwiecie, w kt\u00f3rym s\u0142owo traci warto\u015b\u0107,&nbsp;<strong>prawda zawsze powinna zwyci\u0119\u017ca\u0107<\/strong>.<\/p>\n","protected":false},"excerpt":{"rendered":"<p>Nazywam si\u0119&nbsp;Adrian Rowicki&nbsp;\u2013 niekt\u00f3rzy m\u00f3wi\u0105 o mnie \u201eosi\u0142ek\u201d, ja wol\u0119 okre\u015blenie&nbsp;\u201eosi\u0142ek pracu\u015b\u201d. Od wielu lat zajmuj\u0119 si\u0119&nbsp;dzia\u0142alno\u015bci\u0105 informacyjn\u0105&nbsp;\u2013 zbieram fakty, analizuj\u0119 je i przekazuj\u0119 dalej w spos\u00f3b rzetelny i przyst\u0119pny. Moja przygoda z informacj\u0105 zacz\u0119\u0142a si\u0119 dawno temu, od fascynacji historiami, kt\u00f3re zawsze ko\u0144czy\u0142y si\u0119 s\u0142owami:&nbsp;\u201e\u2026i \u017cyli d\u0142ugo i szcz\u0119\u015bliwie.\u201d&nbsp;Z czasem odkry\u0142em, \u017ce prawdziwe \u017cycie &#8230; <a title=\"O mnie\" class=\"read-more\" href=\"https:\/\/zva.ovh\/?page_id=16\" aria-label=\"Read more about O mnie\">Read more<\/a><\/p>\n","protected":false},"author":1,"featured_media":0,"parent":0,"menu_order":0,"comment_status":"closed","ping_status":"closed","template":"","meta":{"footnotes":""},"class_list":["post-16","page","type-page","status-publish"],"_links":{"self":[{"href":"https:\/\/zva.ovh\/index.php?rest_route=\/wp\/v2\/pages\/16","targetHints":{"allow":["GET"]}}],"collection":[{"href":"https:\/\/zva.ovh\/index.php?rest_route=\/wp\/v2\/pages"}],"about":[{"href":"https:\/\/zva.ovh\/index.php?rest_route=\/wp\/v2\/types\/page"}],"author":[{"embeddable":true,"href":"https:\/\/zva.ovh\/index.php?rest_route=\/wp\/v2\/users\/1"}],"replies":[{"embeddable":true,"href":"https:\/\/zva.ovh\/index.php?rest_route=%2Fwp%2Fv2%2Fcomments&post=16"}],"version-history":[{"count":2,"href":"https:\/\/zva.ovh\/index.php?rest_route=\/wp\/v2\/pages\/16\/revisions"}],"predecessor-version":[{"id":18,"href":"https:\/\/zva.ovh\/index.php?rest_route=\/wp\/v2\/pages\/16\/revisions\/18"}],"wp:attachment":[{"href":"https:\/\/zva.ovh\/index.php?rest_route=%2Fwp%2Fv2%2Fmedia&parent=16"}],"curies":[{"name":"wp","href":"https:\/\/api.w.org\/{rel}","templated":true}]}}